{"id":9750,"date":"2017-09-27T18:40:34","date_gmt":"2017-09-27T18:40:34","guid":{"rendered":"https:\/\/kooxadventures.com\/ocean-reef-diving\/"},"modified":"2021-12-31T13:29:17","modified_gmt":"2021-12-31T13:29:17","slug":"buceo-en-el-oceano","status":"publish","type":"page","link":"https:\/\/kooxadventures.com\/1654102090115\/es\/buceo-en-el-oceano\/","title":{"rendered":"Oc\u00e9ano y el mar"},"content":{"rendered":"<div class=\"default-wrapper\"><div class=\"container\"><div class=\"row\"><div class=\"col-sm-12 col-xs-12\">\n<h1>Bucear en el oc\u00e9ano y el mar<\/h1>\n<p>Hermosos arrecifes de coral repletos de peces de colores, tiburones toro en Playa del Carmen o una inmersi\u00f3n en el incre\u00edble arrecife de Cozumel. Lo tenemos todo. Una vez que est\u00e9 certificado en aguas abiertas, puede venir a explorar con seguridad lo que el maravilloso mundo submarino tiene reservado para usted. \u00a1Vamos! \u00a1Ko&#8217;ox!<br \/>\n<\/div><\/div><\/div><\/div><br \/>\n\n<br \/>\n<div class=\"default-wrapper\"><div class=\"container\"><div class=\"row\"><div class=\"col-sm-12 col-xs-12\"><\/p>\n<div id=\"tulum\"><\/div>\n<h2>Explore el Mar Caribe cerca de Tulum<\/h2>\n<p><img loading=\"lazy\" class=\"aligncenter wp-image-8401 size-large\" src=\"https:\/\/kooxadventures.com\/1654102090115\/wp-content\/uploads\/2021\/11\/manchones-reef-1024x602.jpg\" alt=\"manchones reef\" width=\"1024\" height=\"602\" srcset=\"https:\/\/kooxadventures.com\/1654102090115\/wp-content\/uploads\/2021\/11\/manchones-reef-1024x602.jpg 1024w, https:\/\/kooxadventures.com\/1654102090115\/wp-content\/uploads\/2021\/11\/manchones-reef-300x176.jpg 300w, https:\/\/kooxadventures.com\/1654102090115\/wp-content\/uploads\/2021\/11\/manchones-reef-768x452.jpg 768w, https:\/\/kooxadventures.com\/1654102090115\/wp-content\/uploads\/2021\/11\/manchones-reef-1536x903.jpg 1536w, https:\/\/kooxadventures.com\/1654102090115\/wp-content\/uploads\/2021\/11\/manchones-reef.jpg 1920w\" sizes=\"(max-width: 1024px) 100vw, 1024px\" \/><br \/>\nA tan solo 10 minutos en Lancha desde la orilla, podr\u00e1 disfrutar de sitios como Cuevitas, un escal\u00f3n de arrecife que va desde 6m hasta los 12m lleno peque\u00f1os pasajes donde la diversi\u00f3n est\u00e1 garantizada, corales, peces, langostas en incluso manat\u00ed con un poco de suerte o Dreams, una cordillera de corales y esponjas donde encontrar\u00e1s desde peque\u00f1os cangrejos a grandes barracudas junto a la ocasional tortuga en temporada.<\/p>\n<table>\n<thead>\n<tr>\n<th>BUCEOS AL MAR desde Tulum<\/th>\n<th>Prices in USD<\/th>\n<th>Tour Duration<\/th>\n<th>Let&#8217;s Go<\/th>\n<\/tr>\n<\/thead>\n<tbody>\n<tr>\n<td>1 Buceo en el oc\u00e9ano<\/td>\n<td><strong>$139<\/strong><\/td>\n<td>1:30pm-4pm<\/td>\n<td><a class=\"btn\" title=\"Get a Quote\" href=\"https:\/\/kooxadventures.com\/1654102090115\/es\/contacto\/\">Get a Quote<\/a><\/td>\n<\/tr>\n<tr>\n<td>2 Inmersiones en el oc\u00e9ano<\/td>\n<td><strong>$149<\/strong><\/td>\n<td>8am &#8211; 1pm<\/td>\n<td><a class=\"btn\" title=\"Get a Quote\" href=\"https:\/\/kooxadventures.com\/1654102090115\/es\/contacto\/\">Get a Quote<\/a><\/td>\n<\/tr>\n<tr>\n<td>3 Ocean Dives<\/td>\n<td><strong>$179<\/strong><\/td>\n<td>8am &#8211; 2pm<\/td>\n<td><a class=\"btn\" title=\"Get a Quote\" href=\"https:\/\/kooxadventures.com\/1654102090115\/es\/contacto\/\">Get a Quote<\/a><\/td>\n<\/tr>\n<\/tbody>\n<\/table>\n<p>&nbsp;<\/p>\n<div id=\"playa\"><\/div>\n<h2>\u00danete a un emocionante Buceo con tiburones toro en Playa del Carmen<\/h2>\n<p><img loading=\"lazy\" class=\"aligncenter wp-image-4057 size-large\" src=\"https:\/\/kooxadventures.com\/1654102090115\/wp-content\/uploads\/2018\/12\/Bull-shark-playa-del-carmen-diver-1024x452.jpg\" alt=\"Bull shark playa del carmen diver\" width=\"1024\" height=\"452\" srcset=\"https:\/\/kooxadventures.com\/1654102090115\/wp-content\/uploads\/2018\/12\/Bull-shark-playa-del-carmen-diver-1024x452.jpg 1024w, https:\/\/kooxadventures.com\/1654102090115\/wp-content\/uploads\/2018\/12\/Bull-shark-playa-del-carmen-diver-300x132.jpg 300w, https:\/\/kooxadventures.com\/1654102090115\/wp-content\/uploads\/2018\/12\/Bull-shark-playa-del-carmen-diver-768x339.jpg 768w, https:\/\/kooxadventures.com\/1654102090115\/wp-content\/uploads\/2018\/12\/Bull-shark-playa-del-carmen-diver.jpg 1360w\" sizes=\"(max-width: 1024px) 100vw, 1024px\" \/><\/p>\n<p>Bucear con el Tibur\u00f3n Toro es una experiencia \u00fanica en la vida, \u00a1en serio! Estar tan cerca de esta poderosa criatura de majestuosa anatom\u00eda en aguas abiertas, bombear\u00e1 tu adrenalina al m\u00e1ximo. Es tambi\u00e9n una oportunidad \u00fanica para valorar la importancia de estos hermosos depredadores y hacer florecer la conciencia por su cuidado y preservaci\u00f3n. Si est\u00e1s listo para romper las barreras de tu zona de confort y bucear con el Tibur\u00f3n Toro, Koox Adventures tiene a\u00f1os de experiencia y un equipo de gran calidad para que logres asegurarte los mejores momentos de tu vida.<\/p>\n<table>\n<thead>\n<tr>\n<th><strong>BUCEOS AL MAR DESDE PLAYA<\/strong><\/th>\n<th>PRECIOS EN USD<\/th>\n<th>DURACI\u00d3N<\/th>\n<th>Let&#8217;s Go<\/th>\n<\/tr>\n<\/thead>\n<tbody>\n<tr>\n<td>1 Buceo en el oc\u00e9ano<\/td>\n<td><strong>$119<\/strong><\/td>\n<td>8am-12pm<\/td>\n<td><a class=\"btn\" title=\"Get a Quote\" href=\"https:\/\/kooxadventures.com\/1654102090115\/es\/contacto\/\">Get a Quote<\/a><\/td>\n<\/tr>\n<tr>\n<td>2 Inmersiones en el oc\u00e9ano<\/td>\n<td><strong>$129<\/strong><\/td>\n<td>8am &#8211; 1:30pm<\/td>\n<td><a class=\"btn\" title=\"Get a Quote\" href=\"https:\/\/kooxadventures.com\/1654102090115\/es\/contacto\/\">Get a Quote<\/a><\/td>\n<\/tr>\n<\/tbody>\n<\/table>\n<table>\n<thead>\n<tr>\n<th><b>INMERSIONES CON TIBURONES TORO &#8211; ( NOVIEMBRE &#8211; MARZO)<\/b><\/th>\n<th>PRECIOS EN USD<\/th>\n<th>(NOVIEMBRE &#8211; MARZO)<\/th>\n<th>Get this tour<\/th>\n<\/tr>\n<\/thead>\n<tbody>\n<tr>\n<td>Buceo con Tibur\u00f3n Toro &#8211; Advanced Open Water desde Tulum<\/td>\n<td><b>$189<\/b><\/td>\n<td>6:30am &#8211; 3pm<\/td>\n<td><a class=\"btn\" title=\"Get a Quote\" href=\"https:\/\/kooxadventures.com\/1654102090115\/es\/contacto\/\">Get a Quote<\/a><\/td>\n<\/tr>\n<tr>\n<td>Buceo con Tibur\u00f3n Toro &#8211; Advanced Open Water desde Playa<\/td>\n<td><b>$159<\/b><\/td>\n<td>7:30am &#8211; 3pm<\/td>\n<td><a class=\"btn\" title=\"Get a Quote\" href=\"https:\/\/kooxadventures.com\/1654102090115\/es\/contacto\/\">Get a Quote<\/a><\/td>\n<\/tr>\n<\/tbody>\n<\/table>\n<p>&nbsp;<\/p>\n<div id=\"cancun\"><\/div>\n<h2>Bucear en las c\u00e1lidas aguas azules de Canc\u00fan<\/h2>\n<p><img loading=\"lazy\" class=\"aligncenter wp-image-6891 size-large\" src=\"https:\/\/kooxadventures.com\/1654102090115\/wp-content\/uploads\/2020\/02\/musa-cancun-2-1024x768.jpeg\" alt=\"Scuba diving Musa Cancun\" width=\"1024\" height=\"768\" srcset=\"https:\/\/kooxadventures.com\/1654102090115\/wp-content\/uploads\/2020\/02\/musa-cancun-2-1024x768.jpeg 1024w, https:\/\/kooxadventures.com\/1654102090115\/wp-content\/uploads\/2020\/02\/musa-cancun-2-300x225.jpeg 300w, https:\/\/kooxadventures.com\/1654102090115\/wp-content\/uploads\/2020\/02\/musa-cancun-2-768x576.jpeg 768w, https:\/\/kooxadventures.com\/1654102090115\/wp-content\/uploads\/2020\/02\/musa-cancun-2.jpeg 1280w\" sizes=\"(max-width: 1024px) 100vw, 1024px\" \/><\/p>\n<p>Canc\u00fan le sorprender\u00e1 por la variedad de peces y corales en lugares con gran visibilidad. En MUSA ver\u00e1 m\u00e1s de 475 estatuas de personas, animales, autom\u00f3viles donde ya ha comenzado a crecer un arrecife de coral. Ver\u00e1s obras de diferentes artistas como Julian DeCaires, Roberto D\u00edaz Abraham, Rodrigo Qui\u00f1ones Reyes y muchos m\u00e1s. No importa cu\u00e1l sea su nivel de buceo, tanto el buceo como el Snorkel son una opci\u00f3n excelente para practicar aqu\u00ed.<\/p>\n<table>\n<thead>\n<tr>\n<th><strong>BUCEOS AL MAR DESDE Canc\u00fan<\/strong><\/th>\n<th>Prices in USD<\/th>\n<th>Tour Duration<\/th>\n<th>Let&#8217;s Go<\/th>\n<\/tr>\n<\/thead>\n<tbody>\n<tr>\n<td>1 Buceo en el oc\u00e9ano desde Canc\u00fan<\/td>\n<td><strong>119USD<\/strong><\/td>\n<td>8am-12pm<\/td>\n<td><a class=\"btn\" title=\"Get a Quote\" href=\"https:\/\/kooxadventures.com\/1654102090115\/es\/contacto\/\">Get a Quote<\/a><\/td>\n<\/tr>\n<tr>\n<td>2 Ocean Dives from Cancun<\/td>\n<td><strong>159USD<\/strong><\/td>\n<td>8am &#8211; 1:30pm<\/td>\n<td><a class=\"btn\" title=\"Get a Quote\" href=\"https:\/\/kooxadventures.com\/1654102090115\/es\/contacto\/\">Get a Quote<\/a><\/td>\n<\/tr>\n<tr>\n<td>3 Ocean Dives from Cancun<\/td>\n<td><strong>169USD<\/strong><\/td>\n<td>8am &#8211; 1:30pm<\/td>\n<td><a class=\"btn\" title=\"Get a Quote\" href=\"https:\/\/kooxadventures.com\/1654102090115\/es\/contacto\/\">Get a Quote<\/a><\/td>\n<\/tr>\n<\/tbody>\n<\/table>\n<table>\n<thead>\n<tr>\n<th><b>MUSA MUSEUM 2 INMERSIONES<\/b><\/th>\n<th>Prices in USD \/ per person<\/th>\n<th>Duration<\/th>\n<th>Get this Tour<\/th>\n<\/tr>\n<\/thead>\n<tbody>\n<tr>\n<td>MUSA Museum 2 Inmersiones desde Tulum<\/td>\n<td><strong>$209<\/strong><\/td>\n<td>8am \u2013 3:30pm<\/td>\n<td><a class=\"btn\" title=\"Get a Quote\" href=\"https:\/\/kooxadventures.com\/1654102090115\/es\/contacto\/\">Get a Quote<\/a><\/td>\n<\/tr>\n<tr>\n<td>MUSA Museum 2 Inmersiones desde Playa Del Carmen<\/td>\n<td><strong>$209<\/strong><\/td>\n<td>9am \u2013 12pm<\/td>\n<td><a class=\"btn\" title=\"Get a Quote\" href=\"https:\/\/kooxadventures.com\/1654102090115\/es\/contacto\/\">Get a Quote<\/a><\/td>\n<\/tr>\n<tr>\n<td>MUSA Museum 2 Inmersiones desde Canc\u00fan<\/td>\n<td><strong>$169<\/strong><\/td>\n<td>10am \u2013 1pm<\/td>\n<td><a class=\"btn\" title=\"Get a Quote\" href=\"https:\/\/kooxadventures.com\/1654102090115\/es\/contacto\/\">Get a Quote<\/a><\/td>\n<\/tr>\n<\/tbody>\n<\/table>\n<p>Grupos peque\u00f1os de m\u00e1ximo 4 personas.<\/p>\n<p>Los precios son fijos, independientemente del n\u00famero de personas del grupo.<\/p>\n<p>Todos los precios incluyen alquiler de equipo: &#8211; equipo de buceo, tanques, traje de neopreno.<\/p>\n<p>Puntos de encuentro disponibles: Tulum, Playa del Carmen, Canc\u00fan.<\/p>\n<p>El buceo en el mar requiere certificaci\u00f3n de aguas abiertas o equivalente. El buceo con tiburones toro requiere aguas abiertas avanzadas.<\/p>\n<p>Para tours privados de buceo en el oc\u00e9ano, cont\u00e1ctenos, para que podamos brindarle una oferta exclusiva.<\/p>\n<p><\/div><\/div><\/div><\/div><\/p>\n<p style=\"text-align: center;\"><a class=\"btn inverted\" title=\"Get a Quote\" href=\"https:\/\/kooxadventures.com\/1654102090115\/es\/contacto\/\">COTIZACI\u00d3N<\/a><\/p>\n<div class=\"marginTop30\"><\/div>\n","protected":false},"excerpt":{"rendered":"<p>COTIZACI\u00d3N<\/p>\n","protected":false},"author":1,"featured_media":9597,"parent":0,"menu_order":0,"comment_status":"closed","ping_status":"closed","template":"page-service.php","meta":[],"acf":[],"_links":{"self":[{"href":"https:\/\/kooxadventures.com\/1654102090115\/es\/wp-json\/wp\/v2\/pages\/9750"}],"collection":[{"href":"https:\/\/kooxadventures.com\/1654102090115\/es\/wp-json\/wp\/v2\/pages"}],"about":[{"href":"https:\/\/kooxadventures.com\/1654102090115\/es\/wp-json\/wp\/v2\/types\/page"}],"author":[{"embeddable":true,"href":"https:\/\/kooxadventures.com\/1654102090115\/es\/wp-json\/wp\/v2\/users\/1"}],"replies":[{"embeddable":true,"href":"https:\/\/kooxadventures.com\/1654102090115\/es\/wp-json\/wp\/v2\/comments?post=9750"}],"version-history":[{"count":6,"href":"https:\/\/kooxadventures.com\/1654102090115\/es\/wp-json\/wp\/v2\/pages\/9750\/revisions"}],"predecessor-version":[{"id":9901,"href":"https:\/\/kooxadventures.com\/1654102090115\/es\/wp-json\/wp\/v2\/pages\/9750\/revisions\/9901"}],"wp:featuredmedia":[{"embeddable":true,"href":"https:\/\/kooxadventures.com\/1654102090115\/es\/wp-json\/wp\/v2\/media\/9597"}],"wp:attachment":[{"href":"https:\/\/kooxadventures.com\/1654102090115\/es\/wp-json\/wp\/v2\/media?parent=9750"}],"curies":[{"name":"wp","href":"https:\/\/api.w.org\/{rel}","templated":true}]}}