{"id":9744,"date":"2017-09-27T18:37:29","date_gmt":"2017-09-27T18:37:29","guid":{"rendered":"https:\/\/kooxadventures.com\/snorkeling\/"},"modified":"2021-12-31T13:30:59","modified_gmt":"2021-12-31T13:30:59","slug":"snorkel","status":"publish","type":"page","link":"https:\/\/kooxadventures.com\/1654102090115\/es\/snorkel\/","title":{"rendered":"Tours de Snorkel"},"content":{"rendered":"<div class=\"default-wrapper\"><div class=\"container\"><div class=\"row\"><div class=\"col-sm-12 col-xs-12\"><\/p>\n<h1>Explore las aguas cristalinas y c\u00e1lidas del Caribe haciendo Snorkel<\/h1>\n<h2>Snorkel en los mejores cenotes<\/h2>\n<p><img loading=\"lazy\" class=\"aligncenter wp-image-1048 size-large\" src=\"https:\/\/kooxadventures.com\/1654102090115\/wp-content\/uploads\/2017\/09\/casa-cenote-2-1024x576.jpg\" alt=\"Explore Casa Cenote\" width=\"1024\" height=\"576\" srcset=\"https:\/\/kooxadventures.com\/1654102090115\/wp-content\/uploads\/2017\/09\/casa-cenote-2-1024x576.jpg 1024w, https:\/\/kooxadventures.com\/1654102090115\/wp-content\/uploads\/2017\/09\/casa-cenote-2-300x169.jpg 300w, https:\/\/kooxadventures.com\/1654102090115\/wp-content\/uploads\/2017\/09\/casa-cenote-2-768x432.jpg 768w, https:\/\/kooxadventures.com\/1654102090115\/wp-content\/uploads\/2017\/09\/casa-cenote-2.jpg 1920w\" sizes=\"(max-width: 1024px) 100vw, 1024px\" \/><\/p>\n<p>Imag\u00ednese la jungla de verde intenso, las arenas blancas y las aguas azules; todo esto se puede encontrar en un solo lugar: la Riviera Maya. Exuberante naturaleza verde en la superficie y el sagrado inframundo de los antiguos mayas bajo el agua, son los m\u00e1gicos cenotes, los pozos antiguos. Todo esto en un solo lugar: el lugar perfecto para unas vacaciones.<br \/>\nEl subsuelo de la Riviera Maya tiene cientos de kil\u00f3metros de cuevas inundadas que cuando su techo se derrumba, dan paso a los cenotes, algunos de ellos est\u00e1n llenos de peces y rodeados de manglares. Otras son cuevas oscuras donde las aguas cristalinas permiten ver todo tipo de formaciones rocosas y f\u00f3siles. Sabemos que hay un cenote para usted, incluso si cree que ha estado en uno, a\u00fan podemos llevarlo a uno nuevo que lo sorprender\u00e1.<br \/>\nLos mejores cenotes se encuentran alrededor del \u00e1rea de Tulum y Playa del Carmen. Una combinaci\u00f3n popular de dos entornos muy diferentes es Casa cenote y Cenote Dos Ojos, uno de nuestros tours de snorkel en cenote m\u00e1s populares.<\/p>\n<h2>Cenotes snorkel desde Tulum<\/h2>\n<table>\n<thead>\n<tr>\n<th><b>Cenote Snorkel desde Tulum<\/b><\/th>\n<th>Precios en USD<\/th>\n<th>Duraci\u00f3n<\/th>\n<th>Obtenga este tour<\/th>\n<\/tr>\n<\/thead>\n<tbody>\n<tr>\n<td>Dos Ojos &amp; Casa Cenote<\/td>\n<td><b>$109<\/b><\/td>\n<td>8am-1pm<\/td>\n<td><a class=\"btn\" title=\"Get a Quote\" href=\"https:\/\/kooxadventures.com\/1654102090115\/es\/contacto\/\">Get a Quote<\/a><\/td>\n<\/tr>\n<tr>\n<td>Dos Ojos &amp; Cenote Hilario<\/td>\n<td><b>$109<\/b><\/td>\n<td>8am-1pm<\/td>\n<td><a class=\"btn\" title=\"Get a Quote\" href=\"https:\/\/kooxadventures.com\/1654102090115\/es\/contacto\/\">Get a Quote<\/a><\/td>\n<\/tr>\n<tr>\n<td>Casa Cenote &amp; Soliman Bay Arrecife<\/td>\n<td><b>$109<\/b><\/td>\n<td>8am-1pm<\/td>\n<td><a class=\"btn\" title=\"Get a Quote\" href=\"https:\/\/kooxadventures.com\/1654102090115\/es\/contacto\/\">Get a Quote<\/a><\/td>\n<\/tr>\n<tr>\n<td>Dos Ojos &amp; Soliman Bay Arrecife<\/td>\n<td><b>$109<\/b><\/td>\n<td>8am-1pm<\/td>\n<td><a class=\"btn\" title=\"Get a Quote\" href=\"https:\/\/kooxadventures.com\/1654102090115\/es\/contacto\/\">Get a Quote<\/a><\/td>\n<\/tr>\n<\/tbody>\n<\/table>\n<table>\n<thead>\n<tr>\n<th><b>Cenote Snorkel desde Playa del Carmen<\/b><\/th>\n<th>Precios en USD<\/th>\n<th>Duraci\u00f3n<\/th>\n<th>Obtenga este tour<\/th>\n<\/tr>\n<\/thead>\n<tbody>\n<tr>\n<td>2 Snorkel Locations Tour<\/td>\n<td><b>$109<\/b><\/td>\n<td>8am-1:30pm<\/td>\n<td><a class=\"btn\" title=\"Get a Quote\" href=\"https:\/\/kooxadventures.com\/1654102090115\/es\/contacto\/\">Get a Quote<\/a><\/td>\n<\/tr>\n<\/tbody>\n<\/table>\n<table>\n<thead>\n<tr>\n<th><b>Cenote Snorkel desde Cancun<\/b><\/th>\n<th>Precio en USD<\/th>\n<th>Duraci\u00f3n<\/th>\n<th>Obtenga este tour<\/th>\n<\/tr>\n<\/thead>\n<tbody>\n<tr>\n<td>2 Cenotes Snorkel desde Cancun<\/td>\n<td><b>$159<\/b><\/td>\n<td>8am-1:30pm<\/td>\n<td><a class=\"btn\" title=\"Get a Quote\" href=\"https:\/\/kooxadventures.com\/1654102090115\/es\/contacto\/\">Get a Quote<\/a><\/td>\n<\/tr>\n<\/tbody>\n<\/table>\n<div class=\"marginTop30\"><\/div>\n<h2>Mar Caribe y arrecifes: las aguas ideales para hacer snorkel<\/h2>\n<p><img loading=\"lazy\" class=\"aligncenter wp-image-5445 size-full\" src=\"https:\/\/kooxadventures.com\/1654102090115\/wp-content\/uploads\/2019\/06\/Soliman-bay-snorkel-tour.jpg\" alt=\"Soliman bay\" width=\"640\" height=\"640\" srcset=\"https:\/\/kooxadventures.com\/1654102090115\/wp-content\/uploads\/2019\/06\/Soliman-bay-snorkel-tour.jpg 640w, https:\/\/kooxadventures.com\/1654102090115\/wp-content\/uploads\/2019\/06\/Soliman-bay-snorkel-tour-150x150.jpg 150w, https:\/\/kooxadventures.com\/1654102090115\/wp-content\/uploads\/2019\/06\/Soliman-bay-snorkel-tour-300x300.jpg 300w\" sizes=\"(max-width: 640px) 100vw, 640px\" \/><\/p>\n<p>El segundo arrecife m\u00e1s grande del mundo: la Gran Barrera de Coral Mesoamericana es uno de los principales atractivos de la pen\u00ednsula de Yucat\u00e1n. Coloridos peces, tortugas y corales. Imag\u00ednese nadando junto a una tortuga marina, \u00bfy por qu\u00e9 no con un tibur\u00f3n ballena? Alguna barracuda curiosa tambi\u00e9n podr\u00eda acercarse a ti.<br \/>\nNuestros gu\u00edas locales de snorkel conocen las mejores playas, descubra algunos lugares escondidos como el arrecife de la Bah\u00eda de Soliman, donde podr\u00e1 disfrutar de un relajante ba\u00f1o, lejos de las multitudes.<\/p>\n<table>\n<thead>\n<tr>\n<th><b>Snorkel de Arrecife desde Tulum<\/b><\/th>\n<th>Precios en USD<\/th>\n<th>Duraci\u00f3n<\/th>\n<th>Obtenga este tour<\/th>\n<\/tr>\n<\/thead>\n<tbody>\n<tr>\n<td>Casa Cenote &amp; Soliman Bay<\/td>\n<td><b>$109<\/b><\/td>\n<td>8am \u2013 1:30am<\/td>\n<td><a class=\"btn\" title=\"Get a Quote\" href=\"https:\/\/kooxadventures.com\/1654102090115\/es\/contacto\/\">Get a Quote<\/a><\/td>\n<\/tr>\n<tr>\n<td>Dos Ojos &amp; Soliman Bay<\/td>\n<td><b>$109<\/b><\/td>\n<td>8am \u2013 1:30pm<\/td>\n<td><a class=\"btn\" title=\"Get a Quote\" href=\"https:\/\/kooxadventures.com\/1654102090115\/es\/contacto\/\">Get a Quote<\/a><\/td>\n<\/tr>\n<\/tbody>\n<\/table>\n<table>\n<thead>\n<tr>\n<th><b>Snorkel de Arrecife desde Playa del Carmen<\/b><\/th>\n<th>Precio en USD<\/th>\n<th>Duraci\u00f3n<\/th>\n<th>Obtenga este tour<\/th>\n<\/tr>\n<\/thead>\n<tbody>\n<tr>\n<td>2 Snorkel Locations Tour from Playa<\/td>\n<td><b>$109<\/b><\/td>\n<td>8am-1:30pm<\/td>\n<td><a class=\"btn\" title=\"Get a Quote\" href=\"https:\/\/kooxadventures.com\/1654102090115\/es\/contacto\/\">Get a Quote<\/a><\/td>\n<\/tr>\n<\/tbody>\n<thead>\n<tr>\n<th><b>Snorkel de Arrecife desde Cancun<\/b><\/th>\n<th>Precio en USD<\/th>\n<th>Duraci\u00f3n<\/th>\n<th>Obtenga este tour<\/th>\n<\/tr>\n<\/thead>\n<tbody>\n<tr>\n<td>2 Snorkel Locations Tour from Cancun<\/td>\n<td><b>$119<\/b><\/td>\n<td>8am-1:30pm<\/td>\n<td><a class=\"btn\" title=\"Get a Quote\" href=\"https:\/\/kooxadventures.com\/1654102090115\/es\/contacto\/\">Get a Quote<\/a><\/td>\n<\/tr>\n<\/tbody>\n<\/table>\n<div class=\"marginTop30\"><\/div>\n<p><strong>Precios Todos Snorkel Tours Incluye:<\/strong><\/p>\n<ul>\n<li>Alquiler de aletas y snorkel gratis y chaleco salvavidas (si es necesario)<\/li>\n<li>Alquiler de luces de video y GoPro gratis bajo demanda..<\/li>\n<li>Transporte desde el punto de recogida y de regreso y entradas a todos los sitios de snorkel.<\/li>\n<li>Puntos de encuentro disponibles: nuestras tiendas de buceo en Tulum, Playa del Carmen y Canc\u00fan.<\/li>\n<li>Botella ecol\u00f3gica con agua y almuerzo ligero: para 2 lugares de snorkel o m\u00e1s el mismo d\u00eda.<\/li>\n<li>Gu\u00eda de snorkel capacitado profesionalmente<\/li>\n<li>Todos los precios son por persona, en un grupo peque\u00f1o de m\u00e1ximo 4 personas<\/li>\n<li>Los precios son fijos, independientemente del n\u00famero de personas en el grupo.<\/li>\n<li>El snorkel requiere habilidades b\u00e1sicas de nataci\u00f3n y no una certificaci\u00f3n de buceo<\/li>\n<li>Para tours privados de snorkel, cont\u00e1ctenos, para que podamos brindarle una oferta exclusiva<\/li>\n<\/ul>\n<p>&nbsp;<\/p>\n<h2>Nade con el pez m\u00e1s grande del mundo: El tibur\u00f3n ballena<\/h2>\n<p><img loading=\"lazy\" class=\"aligncenter wp-image-2958 size-large\" src=\"https:\/\/kooxadventures.com\/1654102090115\/wp-content\/uploads\/2018\/07\/whale-shark-541836_1280-1024x768.jpg\" alt=\"Whale sharks\" width=\"1024\" height=\"768\" srcset=\"https:\/\/kooxadventures.com\/1654102090115\/wp-content\/uploads\/2018\/07\/whale-shark-541836_1280-1024x768.jpg 1024w, https:\/\/kooxadventures.com\/1654102090115\/wp-content\/uploads\/2018\/07\/whale-shark-541836_1280-300x225.jpg 300w, https:\/\/kooxadventures.com\/1654102090115\/wp-content\/uploads\/2018\/07\/whale-shark-541836_1280-768x576.jpg 768w, https:\/\/kooxadventures.com\/1654102090115\/wp-content\/uploads\/2018\/07\/whale-shark-541836_1280.jpg 1280w\" sizes=\"(max-width: 1024px) 100vw, 1024px\" \/><\/p>\n<table>\n<thead>\n<tr>\n<th>Tour del tibur\u00f3n ballena + almuerzo (julio &#8211; sept)<\/th>\n<th>Precios po Persona<\/th>\n<th>Duraci\u00f3n<\/th>\n<th>Obtenga este tour<\/th>\n<\/tr>\n<\/thead>\n<tbody>\n<tr>\n<td>desde Tulum<\/td>\n<td>249USD<\/td>\n<td>Empieza a las 5:30am<\/td>\n<td><a class=\"btn\" title=\"Get a Quote\" href=\"https:\/\/kooxadventures.com\/1654102090115\/es\/contacto\/\">Get a Quote<\/a><\/td>\n<\/tr>\n<tr>\n<td>desde Playa Del Carmen<\/td>\n<td>209USD<\/td>\n<td>Empieza a las 6am<\/td>\n<td><a class=\"btn\" title=\"Get a Quote\" href=\"https:\/\/kooxadventures.com\/1654102090115\/es\/contacto\/\">Get a Quote<\/a><\/td>\n<\/tr>\n<tr>\n<td>desde Cancun<\/td>\n<td>199USD<\/td>\n<td>Empieza a las 7:45am<\/td>\n<td><a class=\"btn\" title=\"Get a Quote\" href=\"https:\/\/kooxadventures.com\/1654102090115\/es\/contacto\/\">Get a Quote<\/a><\/td>\n<\/tr>\n<\/tbody>\n<\/table>\n<div class=\"marginTop30\"><\/div>\n<ul>\n<li>Visitas de grupos peque\u00f1os de 8 personas &#8211; todos los d\u00edas a partir de junio a septiembre.<\/li>\n<li>Tenga en cuenta que podr\u00edamos cambiar la fecha del tour, para asegurarnos de que pueda ver tiburones ballena o en caso de mal tiempo.<\/li>\n<li>Tenga en cuenta que no se incluye recogida, le pedimos que se acerque al punto de encuentro correspondiente.<\/li>\n<li>Los precios son fijos, independientemente del n\u00famero de personas del grupo.<\/li>\n<\/ul>\n<p><b>Todos los precios incluyen:<\/b><\/p>\n<ul>\n<li>Gu\u00eda<\/li>\n<li>Desayuno ligero antes de la salida (pan, caf\u00e9, jugo y fruta)<\/li>\n<li>Hay agua y refrescos disponibles a bordo, sin cerveza<\/li>\n<li>Equipo completo de snorkel<\/li>\n<li>Tibur\u00f3n ballena: 2-3 saltos al agua por persona en un peque\u00f1o grupo de m\u00e1ximo 2 personas a la vez<\/li>\n<li>Chalecos salvavidas<\/li>\n<li>Almuerzo: Un s\u00e1ndwich despu\u00e9s de nadar con tiburones ballena, ceviche de camar\u00f3n, opciones vegetarianas tambi\u00e9n disponibles<\/li>\n<li>1 hora de tiempo libre en la playa de Isla Mujeres<\/li>\n<li>Para tours privados de tiburones ballena, cont\u00e1ctenos, para que podamos brindarle una oferta exclusiva.<\/li>\n<\/ul>\n<p><\/div><\/div><\/div><\/div>\n","protected":false},"excerpt":{"rendered":"","protected":false},"author":1,"featured_media":0,"parent":0,"menu_order":0,"comment_status":"closed","ping_status":"closed","template":"page-service.php","meta":[],"acf":[],"_links":{"self":[{"href":"https:\/\/kooxadventures.com\/1654102090115\/es\/wp-json\/wp\/v2\/pages\/9744"}],"collection":[{"href":"https:\/\/kooxadventures.com\/1654102090115\/es\/wp-json\/wp\/v2\/pages"}],"about":[{"href":"https:\/\/kooxadventures.com\/1654102090115\/es\/wp-json\/wp\/v2\/types\/page"}],"author":[{"embeddable":true,"href":"https:\/\/kooxadventures.com\/1654102090115\/es\/wp-json\/wp\/v2\/users\/1"}],"replies":[{"embeddable":true,"href":"https:\/\/kooxadventures.com\/1654102090115\/es\/wp-json\/wp\/v2\/comments?post=9744"}],"version-history":[{"count":5,"href":"https:\/\/kooxadventures.com\/1654102090115\/es\/wp-json\/wp\/v2\/pages\/9744\/revisions"}],"predecessor-version":[{"id":9902,"href":"https:\/\/kooxadventures.com\/1654102090115\/es\/wp-json\/wp\/v2\/pages\/9744\/revisions\/9902"}],"wp:attachment":[{"href":"https:\/\/kooxadventures.com\/1654102090115\/es\/wp-json\/wp\/v2\/media?parent=9744"}],"curies":[{"name":"wp","href":"https:\/\/api.w.org\/{rel}","templated":true}]}}