{"id":9737,"date":"2017-09-27T18:46:43","date_gmt":"2017-09-27T18:46:43","guid":{"rendered":"https:\/\/kooxadventures.com\/diving-in-cenotes\/"},"modified":"2021-12-20T15:09:18","modified_gmt":"2021-12-20T15:09:18","slug":"buceo-en-cenotes","status":"publish","type":"page","link":"https:\/\/kooxadventures.com\/1654102090115\/es\/buceo-en-cenotes\/","title":{"rendered":"Cenotes"},"content":{"rendered":"<div class=\"default-wrapper\"><div class=\"container\"><div class=\"row\"><div class=\"col-sm-12 col-xs-12\">\n<h1>Buceo en cenotes<\/h1>\n<p>La pen\u00ednsula de Yucat\u00e1n es un lugar \u00fanico en el mundo y donde encontrar\u00e1s cenotes. Se formaron por la lluvia que se filtraba por el suelo y disolv\u00eda la piedra caliza. Un proceso que tom\u00f3 miles de a\u00f1os. Luego se formaron vastas cuevas submarinas, cuando su techo colaps\u00f3 y se llenaron de agua. Creando uno de los mejores lugares de aventura para buceadores de todo el mundo: los sistemas de cuevas submarinas inundadas de la Riviera Maya.<\/p>\n<p>Los cenotes se consideran hoy en d\u00eda algunas de las aguas m\u00e1s claras del mundo con una visibilidad de m\u00e1s de 100 metros. Desde principiantes hasta buceadores t\u00e9cnicos, \u00a1hay un cenote para todos!<\/p>\n<p><\/div><\/div><\/div><\/div><br \/>\n\n<br \/>\n<div class=\"default-wrapper\"><div class=\"container\"><div class=\"row\"><div class=\"col-sm-12 col-xs-12\"><\/p>\n<div id=\"tulum\"><\/div>\n<h2>Explore los cenotes de Tulum<\/h2>\n<p><img loading=\"lazy\" class=\"aligncenter wp-image-7935 size-large\" src=\"https:\/\/kooxadventures.com\/1654102090115\/wp-content\/uploads\/2020\/08\/the-pit-cenote-header-image-1024x683.jpg\" alt=\"\" width=\"1024\" height=\"683\" srcset=\"https:\/\/kooxadventures.com\/1654102090115\/wp-content\/uploads\/2020\/08\/the-pit-cenote-header-image-1024x683.jpg 1024w, https:\/\/kooxadventures.com\/1654102090115\/wp-content\/uploads\/2020\/08\/the-pit-cenote-header-image-300x200.jpg 300w, https:\/\/kooxadventures.com\/1654102090115\/wp-content\/uploads\/2020\/08\/the-pit-cenote-header-image-768x512.jpg 768w, https:\/\/kooxadventures.com\/1654102090115\/wp-content\/uploads\/2020\/08\/the-pit-cenote-header-image-1536x1024.jpg 1536w, https:\/\/kooxadventures.com\/1654102090115\/wp-content\/uploads\/2020\/08\/the-pit-cenote-header-image.jpg 1920w\" sizes=\"(max-width: 1024px) 100vw, 1024px\" \/><br \/>\nIncluso siendo solo sumideros, la experiencia para los buceadores es asombrosa: el efecto haloclina, donde el agua salada se encuentra con el agua dulce, es fascinante. Cada cenote es \u00fanico, hay jardines de flores bajo el agua, como Carwash, o misteriosos r\u00edos submarinos con \u00e1rboles ca\u00eddos como Angelita. Algunos son profundos y reservados solo para buceadores avanzados, como el cenote de 119 m de profundidad The Pit.<br \/>\nAlgunos de los cenotes m\u00e1s fascinantes se encuentran cerca de Tulum. Los famosos Dos Ojos y Casa Cenote est\u00e1n a pocos minutos en coche del centro. Casa Cenote es un lugar popular para practicar Snorkel, y como se asemeja a una piscina natural de aguas abiertas, tambi\u00e9n es un excelente lugar para una inmersi\u00f3n de descubrimiento o un curso de aguas abiertas.<\/p>\n<table>\n<thead>\n<tr>\n<th><b>CENOTE TOURS DESDE TULUM<\/b><\/th>\n<th>PRECIO<\/th>\n<th>DURACI\u00d3N<\/th>\n<th>OBTENGA ESTE TOUR<\/th>\n<\/tr>\n<\/thead>\n<tbody>\n<tr>\n<td>1 Cenote Buceo desde Tulum<\/td>\n<td><strong>159USD<\/strong><\/td>\n<td>1:30 \u2013 4:30pm<\/td>\n<td><a class=\"btn\" title=\"Cotizaci\u00f3n\" href=\"https:\/\/kooxadventures.com\/1654102090115\/es\/contacto\/\">Cotizaci\u00f3n<\/a><\/td>\n<\/tr>\n<tr>\n<td>2 Cenote Buceos desde Tulum<\/td>\n<td><strong>189USD<\/strong><\/td>\n<td>8am \u2013 1:30pm<\/td>\n<td><a class=\"btn\" title=\"Cotizaci\u00f3n\" href=\"https:\/\/kooxadventures.com\/1654102090115\/es\/contacto\/\">Cotizaci\u00f3n<\/a><\/td>\n<\/tr>\n<tr>\n<td>3 Cenote Buceos desde Tulum<\/td>\n<td><strong>252USD<\/strong><\/td>\n<td>8am &#8211; 4:30pm<\/td>\n<td><a class=\"btn\" title=\"Cotizaci\u00f3n\" href=\"https:\/\/kooxadventures.com\/1654102090115\/es\/contacto\/\">Cotizaci\u00f3n<\/a><\/td>\n<\/tr>\n<tr>\n<td>1 Buceo en una cueva de Tulum<\/td>\n<td><strong>189USD<\/strong><\/td>\n<td>8am \u2013 1:30pm<\/td>\n<td><a class=\"btn\" title=\"Cotizaci\u00f3n\" href=\"https:\/\/kooxadventures.com\/1654102090115\/es\/contacto\/\">Cotizaci\u00f3n<\/a><\/td>\n<\/tr>\n<tr>\n<td>2 Buceos en una cueva de Tulum<\/td>\n<td><strong>249USD<\/strong><\/td>\n<td>8am \u2013 3:30pm<\/td>\n<td><a class=\"btn\" title=\"Cotizaci\u00f3n\" href=\"https:\/\/kooxadventures.com\/1654102090115\/es\/contacto\/\">Cotizaci\u00f3n<\/a><\/td>\n<\/tr>\n<tr>\n<td>2 Cenotes Snorkel Tour desde Tulum<\/td>\n<td><strong>109USD<\/strong><\/td>\n<td>8am \u2013 12:30pm<\/td>\n<td><a class=\"btn\" title=\"Cotizaci\u00f3n\" href=\"https:\/\/kooxadventures.com\/1654102090115\/es\/contacto\/\">Cotizaci\u00f3n<\/a><\/td>\n<\/tr>\n<tr>\n<td>Buceo nocturno con cocodrilos desde Tulum<\/td>\n<td><strong>199USD<\/strong><\/td>\n<td>6pm &#8211; 11pm<\/td>\n<td><a class=\"btn\" title=\"Cotizaci\u00f3n\" href=\"https:\/\/kooxadventures.com\/1654102090115\/es\/contacto\/\">Cotizaci\u00f3n<\/a><\/td>\n<\/tr>\n<tr>\n<td>Snorkel nocturno con cocodrilos desde Tulum<\/td>\n<td><strong>149USD<\/strong><\/td>\n<td>6pm &#8211; 11pm<\/td>\n<td><a class=\"btn\" title=\"Cotizaci\u00f3n\" href=\"https:\/\/kooxadventures.com\/1654102090115\/es\/contacto\/\">Cotizaci\u00f3n<\/a><\/td>\n<\/tr>\n<tr>\n<td>Snorkel en Dos Ojos y el arrecife de la bah\u00eda de Soliman desde Tulum<\/td>\n<td><strong>109USD<\/strong><\/td>\n<td>8am \u2013 1:30pm<\/td>\n<td><a class=\"btn\" title=\"Cotizaci\u00f3n\" href=\"https:\/\/kooxadventures.com\/1654102090115\/es\/contacto\/\">Cotizaci\u00f3n<\/a><\/td>\n<\/tr>\n<tr>\n<td>Snorkel en Dos Ojos y Cenote Hilario desde Tulum<\/td>\n<td><strong>109USD<\/strong><\/td>\n<td>8am \u2013 1:30pm<\/td>\n<td><a class=\"btn\" title=\"Cotizaci\u00f3n\" href=\"https:\/\/kooxadventures.com\/1654102090115\/es\/contacto\/\">Cotizaci\u00f3n<\/a><\/td>\n<\/tr>\n<tr>\n<td>1 Apnea en un cenote<\/td>\n<td><strong>129USD<\/strong><\/td>\n<td>8am-12pm<\/td>\n<td><a class=\"btn\" title=\"Cotizaci\u00f3n\" href=\"https:\/\/kooxadventures.com\/1654102090115\/es\/contacto\/\">Cotizaci\u00f3n<\/a><\/td>\n<\/tr>\n<tr>\n<td>2 Apneas en cenotes<\/td>\n<td><strong>199USD<\/strong><\/td>\n<td>8am-2pm<\/td>\n<td><a class=\"btn\" title=\"Cotizaci\u00f3n\" href=\"https:\/\/kooxadventures.com\/1654102090115\/es\/contacto\/\">Cotizaci\u00f3n<\/a><\/td>\n<\/tr>\n<tr>\n<td>Descubrimiento Apnea &#8211; 1 inmersi\u00f3n<\/td>\n<td><strong>139USD<\/strong><\/td>\n<td>8am &#8211; 12pm<\/td>\n<td><a class=\"btn\" title=\"Cotizaci\u00f3n\" href=\"https:\/\/kooxadventures.com\/1654102090115\/es\/contacto\/\">Cotizaci\u00f3n<\/a><\/td>\n<\/tr>\n<\/tbody>\n<\/table>\n<p>&nbsp;<\/p>\n<div id=\"playa\"><\/div>\n<h2>Cenotes desde Playa del Carmen<\/h2>\n<p><img loading=\"lazy\" class=\"aligncenter wp-image-7338 size-large\" src=\"https:\/\/kooxadventures.com\/1654102090115\/wp-content\/uploads\/2020\/05\/Jarden-del-eden-Ponderosa-7-1024x683.jpg\" alt=\"Jarden del eden Cenote\" width=\"1024\" height=\"683\" srcset=\"https:\/\/kooxadventures.com\/1654102090115\/wp-content\/uploads\/2020\/05\/Jarden-del-eden-Ponderosa-7-1024x683.jpg 1024w, https:\/\/kooxadventures.com\/1654102090115\/wp-content\/uploads\/2020\/05\/Jarden-del-eden-Ponderosa-7-300x200.jpg 300w, https:\/\/kooxadventures.com\/1654102090115\/wp-content\/uploads\/2020\/05\/Jarden-del-eden-Ponderosa-7-768x512.jpg 768w, https:\/\/kooxadventures.com\/1654102090115\/wp-content\/uploads\/2020\/05\/Jarden-del-eden-Ponderosa-7.jpg 1080w\" sizes=\"(max-width: 1024px) 100vw, 1024px\" \/><\/p>\n<p>Los cenotes tambi\u00e9n fueron una parte muy importante de la cultura de los antiguos mayas. Se cree que eran portales al inframundo, una forma de comunicaci\u00f3n con los dioses. fueron tambi\u00e9n sus reservas de agua dulce, donde hay un cenote hay vida.<\/p>\n<p>\u00bfSab\u00edas que el jard\u00edn del Ed\u00e9n, en realidad tambi\u00e9n es un cenote? Un lugar incre\u00edble donde los rayos del sol atraviesan las ra\u00edces de la jungla creando un show de luces espectacular. El trayecto entre Tulum y Playa del Carmen est\u00e1 lleno de cenotes,Taj Maha y su haloclina o chikin ha y sus ra\u00edces entrando al agua desde el techo de la caverna, cada cenote ofrece una experiencia diferente.<\/p>\n<table>\n<thead>\n<tr>\n<th><b>CENOTE TOURS DESDE PLAYA<\/b><\/th>\n<th>PRECIO<\/th>\n<th>DURACI\u00d3N<\/th>\n<th>OBTENGA ESTE TOUR<\/th>\n<\/tr>\n<\/thead>\n<tbody>\n<tr>\n<td>2 Cenote Buceos desde Playa<\/td>\n<td><strong>189USD<\/strong><\/td>\n<td>8am \u2013 2:30pm<\/td>\n<td><a class=\"btn\" title=\"Cotizaci\u00f3n\" href=\"https:\/\/kooxadventures.com\/1654102090115\/es\/contacto\/\">Cotizaci\u00f3n<\/a><\/td>\n<\/tr>\n<tr>\n<td>3 Cenote Buceos desde Playa<\/td>\n<td><strong>252USD<\/strong><\/td>\n<td>8am &#8211; 4:30pm<\/td>\n<td><a class=\"btn\" title=\"Cotizaci\u00f3n\" href=\"https:\/\/kooxadventures.com\/1654102090115\/es\/contacto\/\">Cotizaci\u00f3n<\/a><\/td>\n<\/tr>\n<tr>\n<td>Buceo nocturno con cocodrilos desde Playa<\/td>\n<td><strong>199USD<\/strong><\/td>\n<td>6pm &#8211; 11pm<\/td>\n<td><a class=\"btn\" title=\"Cotizaci\u00f3n\" href=\"https:\/\/kooxadventures.com\/1654102090115\/es\/contacto\/\">Cotizaci\u00f3n<\/a><\/td>\n<\/tr>\n<tr>\n<td>Snorkel nocturno con cocodrilos desde Playa<\/td>\n<td><strong>149USD<\/strong><\/td>\n<td>6pm &#8211; 11pm<\/td>\n<td><a class=\"btn\" title=\"Cotizaci\u00f3n\" href=\"https:\/\/kooxadventures.com\/1654102090115\/es\/contacto\/\">Cotizaci\u00f3n<\/a><\/td>\n<\/tr>\n<tr>\n<td>PADI Discover Scuba Diving: 1 Cenote Dive desde Playa<\/td>\n<td><strong>139USD<\/strong><\/td>\n<td>1:30pm \u2013 4:30pm<\/td>\n<td><a class=\"btn\" title=\"Cotizaci\u00f3n\" href=\"https:\/\/kooxadventures.com\/1654102090115\/es\/contacto\/\">Cotizaci\u00f3n<\/a><\/td>\n<\/tr>\n<tr>\n<td>PADI Discover Scuba Diving: 1 Cenote Dive + 1 Ocean Dive desde Playa<\/td>\n<td><strong>169USD<\/strong><\/td>\n<td>8am \u2013 1:30pm<\/td>\n<td><a class=\"btn\" title=\"Cotizaci\u00f3n\" href=\"https:\/\/kooxadventures.com\/1654102090115\/es\/contacto\/\">Cotizaci\u00f3n<\/a><\/td>\n<\/tr>\n<tr>\n<td>PADI Open Water Course &#8211; 4-5 Checkout inmersiones desde Playa<\/td>\n<td><strong>549USD<\/strong><\/td>\n<td>2-3 dias<\/td>\n<td><a class=\"btn\" title=\"Cotizaci\u00f3n\" href=\"https:\/\/kooxadventures.com\/1654102090115\/es\/contacto\/\">Cotizaci\u00f3n<\/a><\/td>\n<\/tr>\n<tr>\n<td>2 lugares para hacer snorkel tour desde Playa<\/td>\n<td><strong>109USD<\/strong><\/td>\n<td>8am \u2013 12:30pm<\/td>\n<td><a class=\"btn\" title=\"Cotizaci\u00f3n\" href=\"https:\/\/kooxadventures.com\/1654102090115\/es\/contacto\/\">Cotizaci\u00f3n<\/a><\/td>\n<\/tr>\n<tr>\n<td>1 Apnea en un cenote desde Playa<\/td>\n<td><strong>129USD<\/strong><\/td>\n<td>8am-12pm<\/td>\n<td><a class=\"btn\" title=\"Cotizaci\u00f3n\" href=\"https:\/\/kooxadventures.com\/1654102090115\/es\/contacto\/\">Cotizaci\u00f3n<\/a><\/td>\n<\/tr>\n<tr>\n<td>2 Apneaa en cenotes desde Playa<\/td>\n<td><strong>199USD<\/strong><\/td>\n<td>8am-2pm<\/td>\n<td><a class=\"btn\" title=\"Cotizaci\u00f3n\" href=\"https:\/\/kooxadventures.com\/1654102090115\/es\/contacto\/\">Cotizaci\u00f3n<\/a><\/td>\n<\/tr>\n<tr>\n<td>Descubrimiento Apnea &#8211; 1 inmersi\u00f3n desde Playa<\/td>\n<td><strong>139USD<\/strong><\/td>\n<td>8am &#8211; 12pm<\/td>\n<td><a class=\"btn\" title=\"Cotizaci\u00f3n\" href=\"https:\/\/kooxadventures.com\/1654102090115\/es\/contacto\/\">Cotizaci\u00f3n<\/a><\/td>\n<\/tr>\n<\/tbody>\n<\/table>\n<p>&nbsp;<\/p>\n<div id=\"cancun\"><\/div>\n<h2>Cenote Diving y Snorkeling desde Canc\u00fan<\/h2>\n<p>M\u00e1s de los singulares cenotes mexicanos tambi\u00e9n le esperan cerca de Canc\u00fan.<\/p>\n<p><img loading=\"lazy\" class=\"aligncenter wp-image-7357 size-large\" src=\"https:\/\/kooxadventures.com\/1654102090115\/wp-content\/uploads\/2020\/05\/Cenote-Kin-Ha-4-1024x683.jpg\" alt=\"Kin Ha Cenote\" width=\"1024\" height=\"683\" srcset=\"https:\/\/kooxadventures.com\/1654102090115\/wp-content\/uploads\/2020\/05\/Cenote-Kin-Ha-4-1024x683.jpg 1024w, https:\/\/kooxadventures.com\/1654102090115\/wp-content\/uploads\/2020\/05\/Cenote-Kin-Ha-4-300x200.jpg 300w, https:\/\/kooxadventures.com\/1654102090115\/wp-content\/uploads\/2020\/05\/Cenote-Kin-Ha-4-768x512.jpg 768w, https:\/\/kooxadventures.com\/1654102090115\/wp-content\/uploads\/2020\/05\/Cenote-Kin-Ha-4.jpg 1080w\" sizes=\"(max-width: 1024px) 100vw, 1024px\" \/><\/p>\n<table>\n<thead>\n<tr>\n<th><b>CENOTE TOURS DESDE CANC\u00daN<\/b><\/th>\n<th>PRECIO<\/th>\n<th>DURACI\u00d3N<\/th>\n<th>OBTENGA ESTE TOUR<\/th>\n<\/tr>\n<\/thead>\n<tbody>\n<tr>\n<td>1 Cenote Buceo desde Canc\u00fan<\/td>\n<td><strong>239USD<\/strong><\/td>\n<td>8am \u2013 1:30pm<\/td>\n<td><a class=\"btn\" title=\"Cotizaci\u00f3n\" href=\"https:\/\/kooxadventures.com\/1654102090115\/es\/contacto\/\">Cotizaci\u00f3n<\/a><\/td>\n<\/tr>\n<tr>\n<td>2 Cenote Buceos desde Canc\u00fan<\/td>\n<td><strong>269USD<\/strong><\/td>\n<td>8am \u2013 1:30pm<\/td>\n<td><a class=\"btn\" title=\"Cotizaci\u00f3n\" href=\"https:\/\/kooxadventures.com\/1654102090115\/es\/contacto\/\">Cotizaci\u00f3n<\/a><\/td>\n<\/tr>\n<tr>\n<td>3 Cenote Buceos desde Canc\u00fan<\/td>\n<td><strong>314USD<\/strong><\/td>\n<td>8am &#8211; 4:30pm<\/td>\n<td><a class=\"btn\" title=\"Cotizaci\u00f3n\" href=\"https:\/\/kooxadventures.com\/1654102090115\/es\/contacto\/\">Cotizaci\u00f3n<\/a><\/td>\n<\/tr>\n<tr>\n<td>PADI Discover Scuba Diving: 1 Ocean Dive desde Canc\u00fan<\/td>\n<td><strong>149USD<\/strong><\/td>\n<td>1:30pm &#8211; 4pm<\/td>\n<td><a class=\"btn\" title=\"Cotizaci\u00f3n\" href=\"https:\/\/kooxadventures.com\/1654102090115\/es\/contacto\/\">Cotizaci\u00f3n<\/a><\/td>\n<\/tr>\n<tr>\n<td>PADI Discover Scuba Diving: 1 Cenote Dive desde Canc\u00fan<\/td>\n<td><strong>199USD<\/strong><\/td>\n<td>1:30pm &#8211; 4pm<\/td>\n<td><a class=\"btn\" title=\"Cotizaci\u00f3n\" href=\"https:\/\/kooxadventures.com\/1654102090115\/es\/contacto\/\">Cotizaci\u00f3n<\/a><\/td>\n<\/tr>\n<tr>\n<td>PADI Discover Scuba Diving: 1 Cenote Dive + 1 Ocean Dive desde Canc\u00fan<\/td>\n<td><strong>219USD<\/strong><\/td>\n<td>8am \u2013 1:30pm<\/td>\n<td><a class=\"btn\" title=\"Cotizaci\u00f3n\" href=\"https:\/\/kooxadventures.com\/1654102090115\/es\/contacto\/\">Cotizaci\u00f3n<\/a><\/td>\n<\/tr>\n<tr>\n<td>PADI Open Water Course &#8211; 4-5 Checkout Dives desde Canc\u00fan<\/td>\n<td><strong>569USD<\/strong><\/td>\n<td>2-3 dias<\/td>\n<td><a class=\"btn\" title=\"Cotizaci\u00f3n\" href=\"https:\/\/kooxadventures.com\/1654102090115\/es\/contacto\/\">Cotizaci\u00f3n<\/a><\/td>\n<\/tr>\n<tr>\n<td>Buceo nocturno con cocodrilos desde Canc\u00fan<b> <\/b><\/td>\n<td><strong>249USD<\/strong><\/td>\n<td>5pm &#8211; 11pm<\/td>\n<td><a class=\"btn\" title=\"Cotizaci\u00f3n\" href=\"https:\/\/kooxadventures.com\/1654102090115\/es\/contacto\/\">Cotizaci\u00f3n<\/a><\/td>\n<\/tr>\n<tr>\n<td>Snorkel nocturno con cocodrilos desde Canc\u00fan<\/td>\n<td><strong>169USD<\/strong><\/td>\n<td>5pm &#8211; 11pm<\/td>\n<td><a class=\"btn\" title=\"Cotizaci\u00f3n\" href=\"https:\/\/kooxadventures.com\/1654102090115\/es\/contacto\/\">Cotizaci\u00f3n<\/a><\/td>\n<\/tr>\n<\/tbody>\n<\/table>\n<div class=\"marginTop30\"><\/div>\n<p style=\"text-align: center;\"><a class=\"btn inverted\" title=\"Get a Quote\" href=\"https:\/\/kooxadventures.com\/1654102090115\/es\/contacto\/\">Cotizaci\u00f3n<\/a><\/p>\n<div class=\"marginTop30\"><\/div>\n<p>Grupos peque\u00f1os de 1 a 4 personas &#8211; todos los d\u00edas<br \/>\nSe requiere certificaci\u00f3n Open Water Diver o equivalente para buceo en cenotes<br \/>\nPara tours privados, comun\u00edquese con nosotros para que podamos brindarle una oferta exclusiva.<br \/>\nLos precios incluyen:<br \/>\nTransporte desde nuestra tienda de buceo en Tulum, Playa del Carmen o Cancun<br \/>\nAlquiler de equipo de buceo de alta calidad: equipo completo de buceo y linterna<br \/>\nAlquiler gratuito de c\u00e1mara GoPro bajo pedido<br \/>\nLos precios son fijos, independientemente de la cantidad de personas en el grupo<\/p>\n<p><\/div><\/div><\/div><\/div><\/p>\n","protected":false},"excerpt":{"rendered":"","protected":false},"author":1,"featured_media":0,"parent":0,"menu_order":0,"comment_status":"closed","ping_status":"closed","template":"page-service.php","meta":[],"acf":[],"_links":{"self":[{"href":"https:\/\/kooxadventures.com\/1654102090115\/es\/wp-json\/wp\/v2\/pages\/9737"}],"collection":[{"href":"https:\/\/kooxadventures.com\/1654102090115\/es\/wp-json\/wp\/v2\/pages"}],"about":[{"href":"https:\/\/kooxadventures.com\/1654102090115\/es\/wp-json\/wp\/v2\/types\/page"}],"author":[{"embeddable":true,"href":"https:\/\/kooxadventures.com\/1654102090115\/es\/wp-json\/wp\/v2\/users\/1"}],"replies":[{"embeddable":true,"href":"https:\/\/kooxadventures.com\/1654102090115\/es\/wp-json\/wp\/v2\/comments?post=9737"}],"version-history":[{"count":5,"href":"https:\/\/kooxadventures.com\/1654102090115\/es\/wp-json\/wp\/v2\/pages\/9737\/revisions"}],"predecessor-version":[{"id":9742,"href":"https:\/\/kooxadventures.com\/1654102090115\/es\/wp-json\/wp\/v2\/pages\/9737\/revisions\/9742"}],"wp:attachment":[{"href":"https:\/\/kooxadventures.com\/1654102090115\/es\/wp-json\/wp\/v2\/media?parent=9737"}],"curies":[{"name":"wp","href":"https:\/\/api.w.org\/{rel}","templated":true}]}}