{"id":9733,"date":"2017-10-04T17:14:09","date_gmt":"2017-10-04T17:14:09","guid":{"rendered":"https:\/\/kooxadventures.com\/about-us\/"},"modified":"2021-12-20T14:57:49","modified_gmt":"2021-12-20T14:57:49","slug":"sobre-koox-adventures","status":"publish","type":"page","link":"https:\/\/kooxadventures.com\/1654102090115\/es\/sobre-koox-adventures\/","title":{"rendered":"Sobre Koox Adventures"},"content":{"rendered":"<div class=\"default-wrapper\"><div class=\"container\"><div class=\"row\"><div class=\"col-sm-12 col-xs-12\"><\/p>\n<h1>El sue\u00f1o de la familia Ko&#8217;ox &#8211; Acerca de Koox Adventures<\/h1>\n<p><img loading=\"lazy\" class=\"aligncenter wp-image-563 size-large\" src=\"https:\/\/kooxadventures.com\/1654102090115\/wp-content\/uploads\/2017\/10\/koox-diving-team-tulum-1024x576.jpg\" alt=\"Koox Diving team in action\" width=\"1024\" height=\"576\" srcset=\"https:\/\/kooxadventures.com\/1654102090115\/wp-content\/uploads\/2017\/10\/koox-diving-team-tulum-1024x576.jpg 1024w, https:\/\/kooxadventures.com\/1654102090115\/wp-content\/uploads\/2017\/10\/koox-diving-team-tulum-300x169.jpg 300w, https:\/\/kooxadventures.com\/1654102090115\/wp-content\/uploads\/2017\/10\/koox-diving-team-tulum-768x432.jpg 768w, https:\/\/kooxadventures.com\/1654102090115\/wp-content\/uploads\/2017\/10\/koox-diving-team-tulum.jpg 1350w\" sizes=\"(max-width: 1024px) 100vw, 1024px\" \/><\/p>\n<p>La palabra Ko&#8217;ox significa &#8220;Vamos&#8221; en maya. Es el entusiasmo m\u00e1gico de \u201cir\u201d a bucear, hacer KiteSurf, nadar, en definitiva, de salir de su zona de confort y explorar la belleza del mundo que lo rodea sin dudarlo. Para descubrir y experimentar la naturaleza y sus abundantes maravillas, debemos salirnos de los caminos trillados. \u00bfQue estas esperando? Ko&#8217;ox!<\/p>\n<h2>Jesus Guzman Diaz &#8220;Chucho&#8221; Fundador de Koox Adventures<\/h2>\n<p><img loading=\"lazy\" class=\"aligncenter wp-image-3384 size-full\" src=\"https:\/\/kooxadventures.com\/1654102090115\/wp-content\/uploads\/2018\/10\/cenote-angelita-tulum.jpg\" alt=\"Jesus Guzman cenote angelita-tulum\" width=\"1024\" height=\"755\" srcset=\"https:\/\/kooxadventures.com\/1654102090115\/wp-content\/uploads\/2018\/10\/cenote-angelita-tulum.jpg 1024w, https:\/\/kooxadventures.com\/1654102090115\/wp-content\/uploads\/2018\/10\/cenote-angelita-tulum-300x221.jpg 300w, https:\/\/kooxadventures.com\/1654102090115\/wp-content\/uploads\/2018\/10\/cenote-angelita-tulum-768x566.jpg 768w\" sizes=\"(max-width: 1024px) 100vw, 1024px\" \/><br \/>\nJesus comenz\u00f3 su carrera de buceo en 1999 convirti\u00e9ndose en instructor de aguas abiertas en 2005.<br \/>\nPas\u00f3 algunos a\u00f1os trabajando como Freelancer algunas veces en el Caribe y otras veces en el mar de Cort\u00e9s y alrededor de las islas Revillagigedo.<br \/>\nEn 2010 con un beb\u00e9 en camino y muy malas condiciones laborales para los aut\u00f3nomos, Chucho, como lo conoce la gente, decidi\u00f3 abrir Koox Adventures. Ahora ense\u00f1a buceo recreativo y t\u00e9cnico y si las condiciones son buenas para surfear, lo encontrar\u00e1s entre olas &#8230;<\/p>\n<h2>La historia de Koox Adventures<\/h2>\n<p>El sue\u00f1o de Ko&#8217;ox comenz\u00f3 en el \u00e1rea Hotelera de Tulum con una peque\u00f1a caba\u00f1a de madera, 4 equipos de buceo, una camioneta vieja y mucha ilusi\u00f3n. Tom\u00f3 mucho trabajo y apoyo de amigos y finalmente en 2011 la \u201cFamilia KOOX\u201d encontr\u00f3 su nueva casa en el centro de Tulum. Donde sigue recibiendo a buceadores de todo el mundo con el \u00fanico deseo de explorar las maravillas que el Caribe Mexicano tiene para ofrecer.<\/p>\n<p>En abril de 2019 el sue\u00f1o se expandi\u00f3 a Playa del Carmen, un par de amigos que comparten la pasi\u00f3n y el amor por la naturaleza y el buceo, agregando m\u00e1s experiencias y m\u00e1s lugares de buceo para que disfrutes.<\/p>\n<p>Hoy en d\u00eda \u201cKoox Adventures\u201d es una gran familia que aspira a cubrir toda la Riviera Maya y M\u00e9xico. No es una \u201ctienda de buceo en un resort\u201d normal, sino una familia, que brinda a los clientes la calidez que solo una familia puede brindar. Nuestros gu\u00edas locales tambi\u00e9n trabajan en estrecha comunicaci\u00f3n con las comunidades mayas locales, apoyando y ayudando a prosperar de manera sostenible y preservar la naturaleza, protegiendo nuestro futuro.<\/p>\n<p>\u00danase a nosotros en cualquiera de nuestras aventuras, perm\u00edtanos mostrarle nuestro entusiasmo m\u00e1gico, con\u00e9ctese con los lugare\u00f1os y descubra los secretos mejor guardados y el lado m\u00e1s genuino que M\u00e9xico tiene para ofrecer. \u00bfA Que estas esperando? \u00a1Ko&#8217;ox!<\/p>\n<p><\/div><\/div><\/div><\/div>\n","protected":false},"excerpt":{"rendered":"","protected":false},"author":1,"featured_media":0,"parent":0,"menu_order":0,"comment_status":"closed","ping_status":"closed","template":"","meta":[],"acf":[],"_links":{"self":[{"href":"https:\/\/kooxadventures.com\/1654102090115\/es\/wp-json\/wp\/v2\/pages\/9733"}],"collection":[{"href":"https:\/\/kooxadventures.com\/1654102090115\/es\/wp-json\/wp\/v2\/pages"}],"about":[{"href":"https:\/\/kooxadventures.com\/1654102090115\/es\/wp-json\/wp\/v2\/types\/page"}],"author":[{"embeddable":true,"href":"https:\/\/kooxadventures.com\/1654102090115\/es\/wp-json\/wp\/v2\/users\/1"}],"replies":[{"embeddable":true,"href":"https:\/\/kooxadventures.com\/1654102090115\/es\/wp-json\/wp\/v2\/comments?post=9733"}],"version-history":[{"count":2,"href":"https:\/\/kooxadventures.com\/1654102090115\/es\/wp-json\/wp\/v2\/pages\/9733\/revisions"}],"predecessor-version":[{"id":9735,"href":"https:\/\/kooxadventures.com\/1654102090115\/es\/wp-json\/wp\/v2\/pages\/9733\/revisions\/9735"}],"wp:attachment":[{"href":"https:\/\/kooxadventures.com\/1654102090115\/es\/wp-json\/wp\/v2\/media?parent=9733"}],"curies":[{"name":"wp","href":"https:\/\/api.w.org\/{rel}","templated":true}]}}