{"id":10053,"date":"2020-10-22T10:46:42","date_gmt":"2020-10-22T10:46:42","guid":{"rendered":"https:\/\/kooxadventures.com\/eco-policy-sustainability-preserving-nature\/"},"modified":"2022-01-21T11:31:44","modified_gmt":"2022-01-21T11:31:44","slug":"politica-ecologica","status":"publish","type":"page","link":"https:\/\/kooxadventures.com\/1654102090115\/es\/politica-ecologica\/","title":{"rendered":"Pol\u00edtica Ecol\u00f3gica"},"content":{"rendered":"<div class=\"default-wrapper\"><div class=\"container\"><div class=\"row\"><div class=\"col-sm-12 col-xs-12\"><\/p>\n<h1>Pol\u00edtica Ecol\u00f3gica de Koox Adventures: Preservaci\u00f3n de la naturaleza y sustentabilidad<\/h1>\n<p>Vivimos en un mundo consumido por el ritmo apresurado, donde tenemos un h\u00e1bito de usar y tirar. Este sobreconsumo y sobreexplotaci\u00f3n de los recursos naturales est\u00e1 destruyendo nuestro planeta. Sin embargo, hoy en d\u00eda tenemos la oportunidad de hacer un cambio y ser m\u00e1s conscientes de las consecuencias de nuestro comportamiento. Optamos por un desarrollo personal, social y econ\u00f3mico sin comprometer nuestro entorno adem\u00e1s de cuidarlo.<\/p>\n<h2>Peque\u00f1os actos diarios hacia a un gran cambio<\/h2>\n<p>En Ko\u2019ox Adventures nos unimos al movimiento medioambiental. Creemos que hacer un poco todos los d\u00edas es lo que realmente importa. Es bien sabido que peque\u00f1as acciones generan grandes cambios. El equipo de Koox est\u00e1 formado por gente comprometida, preocupada por lo que m\u00e1s amamos, la naturaleza, que necesita nuestra protecci\u00f3n.<\/p>\n<p>Estamos comprometidos con la siguiente generaci\u00f3n, el futuro de nuestra especie, el futuro de nuestra sociedad y el futuro de nuestro planeta. Queremos seguir buceando en asombrosos arrecifes, observando maravillosos paisajes y vida salvaje. \u00bfQui\u00e9n no est\u00e1 enamorado de los tiburones ballena, toro o las enormes mantarrayas? \u00bfQui\u00e9n no se sorprende al ver corales llenos de vida y colores?<\/p>\n<p>Como humanos estamos preocupados por el impacto negativo que generamos en el planeta que tenemos y queremos ayudar a nuestros hermanos y hermanas de otras especies. El calentamiento global nos est\u00e1 afectando a todos. La temperatura del agua est\u00e1 subiendo, da\u00f1ando la vida marina y causando problemas. Es nuestra responsabilidad detenerlo y hacer un cambio, a\u00fan estamos a tiempo.<\/p>\n<h2>Lo que hacemos en Koox Adventures para ayudar a proteger la naturaleza<\/h2>\n<p>\u00a1\u00danete al cambio por el planeta, por la vida! Queremos compartir contigo las acciones que realizamos d\u00eda con d\u00eda en la compa\u00f1\u00eda en cada uno de los tours, contribuyendo con nuestro peque\u00f1o grano de arena para generar grandes cambios que nosotros, t\u00fa y todos los dem\u00e1s hacemos por nuestra comunidad.<\/p>\n<h3>Tours libres de pl\u00e1stico<\/h3>\n<p>La gran mayor\u00eda del pl\u00e1stico que se tira termina en el oc\u00e9ano porque es demasiado ligero y el agua lo arrastra. El pl\u00e1stico puede viajar grandes distancias, contaminando a su paso a tal grado que lo podemos encontrar dentro de los est\u00f3magos de la vida marina o enterrado en el fondo del oc\u00e9ano. El pl\u00e1stico ha sido encontrado a grandes profundidades, a m\u00e1s de 10 km de profundidad. El pl\u00e1stico tarda cientos de a\u00f1os en degradarse, dependiendo del tipo de pl\u00e1stico y las condiciones a las que se expone, pero una cosa es segura y es que est\u00e1 afectando la vida marina seriamente.<\/p>\n<p>Cada a\u00f1o cientos de miles de mam\u00edferos marinos mueren a causa del pl\u00e1stico. 20% de los peces que viven en las costas de m\u00e9xico tienen micro pl\u00e1stico en sus entra\u00f1as, especialmente los huachinangos y meros.<\/p>\n<p>Un estudio en 2019 dice que en la reserva de Sian Ka\u2019an se detect\u00f3 un alto nivel de contaminaci\u00f3n en su vida marina (corales y pasto marino), as\u00ed como playas, manglares y parte de la jungla.<br \/>\nEl equipo de Koox est\u00e1 tomando acciones medioambientales todos los d\u00edas, Aqu\u00ed ver\u00e1s c\u00f3mo:<\/p>\n<ul>\n<li><strong>En todas nuestras tiendas bebemos agua de dispensarios donde puedes rellenar tu botella. Olvidaste tu botella?en nuestras tiendas encontrar\u00e1s botellas de agua con nuestro logo Ko\u2019ox que podr\u00e1s llevar a lo largo tus viajes, tambi\u00e9n ofrecemos a nuestros clientes sodas en envases reusables.<\/strong><\/li>\n<li><strong>Sin contenedores de pl\u00e1stico o unicel: los deliciosos alimentos que tenemos para ti est\u00e1n libres de estos innecesarios contenedores. <\/strong><\/li>\n<li><strong>Sin bolsas plasticas<\/strong><\/li>\n<\/ul>\n<h3>Preservando la naturaleza de todas las maneras posibles.<\/h3>\n<p>Te pedimos de favor que nos visites sin ning\u00fan tipo de qu\u00edmico en tu cuerpo, como puede ser protector solar, repelente, del para peinar, etc. Aunque sean biodegradables no son seguros para las claras y fr\u00e1giles aguas de la vida marina y acu\u00edferos.<br \/>\nSiempre recomendamos evitar el uso de estos tipos de bloqueadores o lociones, para proteger tu piel del sol te ofreceremos un traje de neopreno. Si necesitas protegerte del sol mientras estamos en camino puedes usar mangas largas y gorra. Esto es realmente importante para la conservaci\u00f3n de nuestros espacios de buceo y snorkel. Ofrecemos ropa para protegerte del sol en nuestras tiendas y a un precio especial por ser parte de la familia Ko\u2019ox.<\/p>\n<h3 style=\"text-align: center;\">Respeto por la naturaleza y vida salvaje<\/h3>\n<h3 style=\"text-align: center;\">No te lleves nada, solo recuerdos. No dejes nada, solo burbujas<\/h3>\n<p><\/div><\/div><\/div><\/div>\n","protected":false},"excerpt":{"rendered":"","protected":false},"author":1,"featured_media":0,"parent":0,"menu_order":0,"comment_status":"closed","ping_status":"closed","template":"","meta":[],"acf":[],"_links":{"self":[{"href":"https:\/\/kooxadventures.com\/1654102090115\/es\/wp-json\/wp\/v2\/pages\/10053"}],"collection":[{"href":"https:\/\/kooxadventures.com\/1654102090115\/es\/wp-json\/wp\/v2\/pages"}],"about":[{"href":"https:\/\/kooxadventures.com\/1654102090115\/es\/wp-json\/wp\/v2\/types\/page"}],"author":[{"embeddable":true,"href":"https:\/\/kooxadventures.com\/1654102090115\/es\/wp-json\/wp\/v2\/users\/1"}],"replies":[{"embeddable":true,"href":"https:\/\/kooxadventures.com\/1654102090115\/es\/wp-json\/wp\/v2\/comments?post=10053"}],"version-history":[{"count":4,"href":"https:\/\/kooxadventures.com\/1654102090115\/es\/wp-json\/wp\/v2\/pages\/10053\/revisions"}],"predecessor-version":[{"id":10064,"href":"https:\/\/kooxadventures.com\/1654102090115\/es\/wp-json\/wp\/v2\/pages\/10053\/revisions\/10064"}],"wp:attachment":[{"href":"https:\/\/kooxadventures.com\/1654102090115\/es\/wp-json\/wp\/v2\/media?parent=10053"}],"curies":[{"name":"wp","href":"https:\/\/api.w.org\/{rel}","templated":true}]}}