{"id":10048,"date":"2021-09-20T06:14:18","date_gmt":"2021-09-20T06:14:18","guid":{"rendered":"https:\/\/kooxadventures.com\/covid-19-prevention-measures\/"},"modified":"2022-01-21T11:30:58","modified_gmt":"2022-01-21T11:30:58","slug":"medidas-de-prevencion-covid-19","status":"publish","type":"page","link":"https:\/\/kooxadventures.com\/1654102090115\/es\/medidas-de-prevencion-covid-19\/","title":{"rendered":"Medidas de prevenci\u00f3n COVID-19"},"content":{"rendered":"<div class=\"default-wrapper\"><div class=\"container\"><div class=\"row\"><div class=\"col-sm-12 col-xs-12\"><\/p>\n<h1 style=\"text-align: center;\">Medidas de prevenci\u00f3n COVID-19<\/h1>\n<p>La mejor noticia es que no te puedes infectar dentro del agua! De cualquier manera, siempre hay forma de mantener a todos seguros mientras seguimos haciendo nuestras actividades favoritas.<\/p>\n<h2 style=\"text-align: center;\">Que es el Coronavirus?<\/h2>\n<p><span style=\"color: #000000;\">Este virus se propaga cuando una persona habla o tose justo como un resfriado normal o influenza, el virus puede sobrevivir en superficies por un prolongado periodo de tiempo. Es realmente importante tomar precauciones contra el virus mientras se viaja y estar apto para disfrutar el resto de tus vacaciones.<\/span><\/p>\n<p><span style=\"color: #000000;\">El primer paso para protegerte a ti mismo y a los dem\u00e1s mientras viajamos y buceamos es estar alerta acerca de las noticias del virus COVID-19.La informaci\u00f3n es poder! Aseg\u00farate de indagar m\u00e1s a fondo la informaci\u00f3n que recibes y corroborar con fuentes oficiales de organizaciones pertinentes. Recuerda que como en el buceo, el p\u00e1nico no resuelve nada. As\u00ed que detente, toma un respiro y valida la informaci\u00f3n que recibes antes de compartirla.<\/span><\/p>\n<h2 style=\"text-align: center;\">Medidas de Seguridad en las tiendas de Koox Adventures<\/h2>\n<p><img loading=\"lazy\" class=\"aligncenter wp-image-9992 size-large\" src=\"https:\/\/kooxadventures.com\/1654102090115\/wp-content\/uploads\/2022\/01\/anti-covid-vehicle-desinection-1024x618.jpg\" alt=\"\" width=\"1024\" height=\"618\" srcset=\"https:\/\/kooxadventures.com\/1654102090115\/wp-content\/uploads\/2022\/01\/anti-covid-vehicle-desinection-1024x618.jpg 1024w, https:\/\/kooxadventures.com\/1654102090115\/wp-content\/uploads\/2022\/01\/anti-covid-vehicle-desinection-300x181.jpg 300w, https:\/\/kooxadventures.com\/1654102090115\/wp-content\/uploads\/2022\/01\/anti-covid-vehicle-desinection-768x463.jpg 768w, https:\/\/kooxadventures.com\/1654102090115\/wp-content\/uploads\/2022\/01\/anti-covid-vehicle-desinection-1536x927.jpg 1536w, https:\/\/kooxadventures.com\/1654102090115\/wp-content\/uploads\/2022\/01\/anti-covid-vehicle-desinection-2048x1236.jpg 2048w\" sizes=\"(max-width: 1024px) 100vw, 1024px\" \/><\/p>\n<p>Tu salud es nuestras prioridad as\u00ed que aseg\u00farate de seguir las indicaciones especiales a continuaci\u00f3n para mantenerte seguro a ti y los que te rodean:<\/p>\n<p><strong>Usa nuestras estaciones de sanitizaci\u00f3n-<\/strong> Gel desinfectante, jab\u00f3n, agua y toallas desinfectantes disponibles en todas nuestras tiendas de Ko\u2019ox.<\/p>\n<p><strong>Mantener sana distancia &#8211;<\/strong> <span style=\"font-weight: 400;\">Por mucho que nosotros queramos recibirte con un abrazo, te pedimos amablemente guardar una distancia de al menos 1.5 metros, claramente marcada dentro de las tiendas.<\/span>.<\/p>\n<p><strong>Haz un peque\u00f1o chequeo-<\/strong> Tomaremos tu temperatura al entrar a la tienda. Todo nuestro personal se realiza pruebas de COVID regularmente y te pedimos que t\u00fa tambi\u00e9n lo hagas. En caso de presentar s\u00edntomas, personalmente te ayudaremos a reprogramar o cancelar tu reservaci\u00f3n.<\/p>\n<p><strong> Usa Cubrebocas &#8211;\u00a0<\/strong> A lo largo de tu aventura y dentro de la tienda, tu gu\u00eda te dir\u00e1 cuando es tiempo de quitartelo.<\/p>\n<h2 style=\"text-align: center;\">Sanitizaci\u00f3n de tu equipo de buceo contra el COVID-19<\/h2>\n<p><img loading=\"lazy\" class=\"aligncenter wp-image-9996 size-large\" src=\"https:\/\/kooxadventures.com\/1654102090115\/wp-content\/uploads\/2022\/01\/anti-covid-scuba-gear-disinfection-1024x552.jpg\" alt=\"\" width=\"1024\" height=\"552\" srcset=\"https:\/\/kooxadventures.com\/1654102090115\/wp-content\/uploads\/2022\/01\/anti-covid-scuba-gear-disinfection-1024x552.jpg 1024w, https:\/\/kooxadventures.com\/1654102090115\/wp-content\/uploads\/2022\/01\/anti-covid-scuba-gear-disinfection-300x162.jpg 300w, https:\/\/kooxadventures.com\/1654102090115\/wp-content\/uploads\/2022\/01\/anti-covid-scuba-gear-disinfection-768x414.jpg 768w, https:\/\/kooxadventures.com\/1654102090115\/wp-content\/uploads\/2022\/01\/anti-covid-scuba-gear-disinfection-1536x829.jpg 1536w, https:\/\/kooxadventures.com\/1654102090115\/wp-content\/uploads\/2022\/01\/anti-covid-scuba-gear-disinfection-2048x1105.jpg 2048w\" sizes=\"(max-width: 1024px) 100vw, 1024px\" \/><\/p>\n<p>La familia Ko\u2019ox Adventures se toma en serio la salud de nuestros invitados. As\u00ed que queremos compartir contigo este sencillo protocolo de sanitizaci\u00f3n y desinfecci\u00f3n de nuestros equipos contra cualquier enfermedad respiratoria, virus o bacteria y podr\u00e1s verlo en cualquiera de nuestros centros de buceo.<br \/>\nLos siguientes protocolos fueron revisados y aprobados por diferentes organizaciones de buceo y para la salud como DAN o WHO. Asegurate de validar la efectividad de los productos de sanitizaci\u00f3n que se usan contra el virus del COVID, usar cubrebocas y guantes mientras se desinfecta superficies y recuerda no tocarte la cara<br \/>\nEl primer paso a completar es sumergir todas las partes que tienen contacto con la boca y ojos en una soluci\u00f3n hecha de alcohol, cloro y agua por un periodo de 10 minutos.<br \/>\nEl siguiente paso es sumergirlo en agua para enjuagarlo por 5 minutos<br \/>\nUna vez lavado y enjuagado lo sumergimos en enjuague bucal y lo ponemos a secar. As\u00ed es como mantenemos los equipos limpios y seguros<\/p>\n<h2 style=\"text-align: center;\">Ahora, \u00bfQu\u00e9 hay acerca de desinfectar los tanques de buceo?<\/h2>\n<p>El aire dentro de los tanques de buceo se limpia por medio de dos tipos de filtros: Un filtro desinfectante que toma toda la humedad y exceso de aceite del compresor y un filtro purificador de aire que limpia el gas de todas las mezclas de aceite y aire malo. El compresor est\u00e1 colocado en un cuarto ventilado y no hay nadie dentro mientras el compresor trabaja.<\/p>\n<h2 style=\"text-align: center;\">\u00bfDeber\u00edas rentar un equipo de buceo durante esta pandemia? \u00bfEs seguro?<\/h2>\n<p>Por mucho que sea mejor usar tu propio equipo de buceo, siempre hemos estado en una situaci\u00f3n en la que tenemos que rentar uno, pero es seguro rentar un regulador o cualquier otro equipo de buceo?. La respuesta es, si. Solamente aseg\u00farate que el centro de buceo donde lo rentes est\u00e9 siguiendo los protocolos adecuados de desinfecci\u00f3n. Recuerda que siempre ser\u00e1 bien recibido preguntar acerca de las estrategias de sanitizaci\u00f3n, as\u00ed puedes estar aliviado.<\/p>\n<h2 style=\"text-align: center;\">Consejos \u00fatiles para el equipo de buceo durante la pandemia.<\/h2>\n<ul>\n<li>Usa una soluci\u00f3n desempa\u00f1ante, no uses saliva.<\/li>\n<li>Usa los pasos de desinfecci\u00f3n previamente mostrados.<\/li>\n<li>DDesinfecta todo el equipo que tenga contacto con tu cara, como el inflador bucal y silbatos.<\/li>\n<li>Aseg\u00farate de que el interior de tu regulador tambi\u00e9n est\u00e9 limpio, no solo las partes bucales.<\/li>\n<li>evita las piletas de enjuague com\u00fan, limpia y desinfecta constantemente.<\/li>\n<li>carga contigo toallas y soluci\u00f3n desinfectante todo el tiempo.<\/li>\n<\/ul>\n<p>El equipo de Ko\u2019ox est\u00e1 constantemente informado de las recientes noticias acerca del COVID-19, siguiendo todos los protocolos y medidas de sanitizaci\u00f3n, as\u00ed mantendremos a todos seguros, as\u00ed que, \u00a1nos vemos pronto!<\/p>\n<p><\/div><\/div><\/div><\/div>\n","protected":false},"excerpt":{"rendered":"","protected":false},"author":1,"featured_media":0,"parent":0,"menu_order":0,"comment_status":"closed","ping_status":"closed","template":"","meta":[],"acf":[],"_links":{"self":[{"href":"https:\/\/kooxadventures.com\/1654102090115\/es\/wp-json\/wp\/v2\/pages\/10048"}],"collection":[{"href":"https:\/\/kooxadventures.com\/1654102090115\/es\/wp-json\/wp\/v2\/pages"}],"about":[{"href":"https:\/\/kooxadventures.com\/1654102090115\/es\/wp-json\/wp\/v2\/types\/page"}],"author":[{"embeddable":true,"href":"https:\/\/kooxadventures.com\/1654102090115\/es\/wp-json\/wp\/v2\/users\/1"}],"replies":[{"embeddable":true,"href":"https:\/\/kooxadventures.com\/1654102090115\/es\/wp-json\/wp\/v2\/comments?post=10048"}],"version-history":[{"count":5,"href":"https:\/\/kooxadventures.com\/1654102090115\/es\/wp-json\/wp\/v2\/pages\/10048\/revisions"}],"predecessor-version":[{"id":10061,"href":"https:\/\/kooxadventures.com\/1654102090115\/es\/wp-json\/wp\/v2\/pages\/10048\/revisions\/10061"}],"wp:attachment":[{"href":"https:\/\/kooxadventures.com\/1654102090115\/es\/wp-json\/wp\/v2\/media?parent=10048"}],"curies":[{"name":"wp","href":"https:\/\/api.w.org\/{rel}","templated":true}]}}